{"id":368,"date":"2025-07-03T13:33:52","date_gmt":"2025-07-03T11:33:52","guid":{"rendered":"http:\/\/www.lsn-it.com\/?post_type=product&#038;p=368"},"modified":"2025-09-07T11:13:16","modified_gmt":"2025-09-07T09:13:16","slug":"lenovo","status":"publish","type":"product","link":"http:\/\/www.lsn-it.com\/de\/product\/lenovo\/","title":{"rendered":"Lenovo"},"excerpt":{"rendered":"<p>R\u00fcsten Sie Ihr Unternehmen mit zuverl\u00e4ssigen, innovativen Lenovo-Ger\u00e4ten und Infrastruktur aus, unterst\u00fctzt durch fachkundige Betreuung.<\/p>\n","protected":false},"featured_media":498,"template":"","class_list":["post-368","product","type-product","status-publish","has-post-thumbnail","hentry"],"acf":[],"yoast_head":"<!-- This site is optimized with the Yoast SEO plugin v25.9 - https:\/\/yoast.com\/wordpress\/plugins\/seo\/ -->\n<title>Lenovo<\/title>\n<meta name=\"robots\" content=\"index, follow, max-snippet:-1, max-image-preview:large, max-video-preview:-1\" \/>\n<link rel=\"canonical\" href=\"http:\/\/www.lsn-it.com\/de\/product\/lenovo\/\" \/>\n<meta property=\"og:locale\" content=\"de_DE\" \/>\n<meta property=\"og:locale:alternate\" content=\"en_US\" \/>\n<meta property=\"og:locale:alternate\" content=\"pl_PL\" \/>\n<meta property=\"og:type\" content=\"article\" \/>\n<meta property=\"og:title\" content=\"Lenovo\" \/>\n<meta property=\"og:description\" content=\"R\u00fcsten Sie Ihr Unternehmen mit zuverl\u00e4ssigen, innovativen Lenovo-Ger\u00e4ten und Infrastruktur aus, unterst\u00fctzt durch fachkundige Betreuung.\" \/>\n<meta property=\"og:url\" content=\"http:\/\/www.lsn-it.com\/de\/product\/lenovo\/\" \/>\n<meta property=\"og:site_name\" content=\"LSN IT\" \/>\n<meta property=\"article:modified_time\" content=\"2025-09-07T09:13:16+00:00\" \/>\n<meta property=\"og:image\" content=\"http:\/\/www.lsn-it.com\/wp-content\/uploads\/Lenovo.webp\" \/>\n\t<meta property=\"og:image:width\" content=\"2560\" \/>\n\t<meta property=\"og:image:height\" content=\"1440\" \/>\n\t<meta property=\"og:image:type\" content=\"image\/webp\" \/>\n<meta name=\"twitter:card\" content=\"summary_large_image\" \/>\n<meta name=\"twitter:label1\" content=\"Gesch\u00e4tzte Lesezeit\" \/>\n\t<meta name=\"twitter:data1\" content=\"1\u00a0Minute\" \/>\n<script type=\"application\/ld+json\" class=\"yoast-schema-graph\">{\"@context\":\"https:\/\/schema.org\",\"@graph\":[{\"@type\":\"WebPage\",\"@id\":\"http:\/\/www.lsn-it.com\/pl\/product\/lenovo\/\",\"url\":\"http:\/\/www.lsn-it.com\/pl\/product\/lenovo\/\",\"name\":\"Lenovo\",\"isPartOf\":{\"@id\":\"http:\/\/www.lsn-it.com\/#website\"},\"primaryImageOfPage\":{\"@id\":\"http:\/\/www.lsn-it.com\/pl\/product\/lenovo\/#primaryimage\"},\"image\":{\"@id\":\"http:\/\/www.lsn-it.com\/pl\/product\/lenovo\/#primaryimage\"},\"thumbnailUrl\":\"http:\/\/www.lsn-it.com\/wp-content\/uploads\/Lenovo.webp\",\"datePublished\":\"2025-07-03T11:33:52+00:00\",\"dateModified\":\"2025-09-07T09:13:16+00:00\",\"breadcrumb\":{\"@id\":\"http:\/\/www.lsn-it.com\/pl\/product\/lenovo\/#breadcrumb\"},\"inLanguage\":\"de-DE\",\"potentialAction\":[{\"@type\":\"ReadAction\",\"target\":[\"http:\/\/www.lsn-it.com\/pl\/product\/lenovo\/\"]}]},{\"@type\":\"ImageObject\",\"inLanguage\":\"de-DE\",\"@id\":\"http:\/\/www.lsn-it.com\/pl\/product\/lenovo\/#primaryimage\",\"url\":\"http:\/\/www.lsn-it.com\/wp-content\/uploads\/Lenovo.webp\",\"contentUrl\":\"http:\/\/www.lsn-it.com\/wp-content\/uploads\/Lenovo.webp\",\"width\":2560,\"height\":1440},{\"@type\":\"BreadcrumbList\",\"@id\":\"http:\/\/www.lsn-it.com\/pl\/product\/lenovo\/#breadcrumb\",\"itemListElement\":[{\"@type\":\"ListItem\",\"position\":1,\"name\":\"Home\",\"item\":\"http:\/\/www.lsn-it.com\/\"},{\"@type\":\"ListItem\",\"position\":2,\"name\":\"Lenovo\"}]},{\"@type\":\"WebSite\",\"@id\":\"http:\/\/www.lsn-it.com\/#website\",\"url\":\"http:\/\/www.lsn-it.com\/\",\"name\":\"LSN IT\",\"description\":\"Managed IT Services and Outsourcing in EMEA\",\"publisher\":{\"@id\":\"http:\/\/www.lsn-it.com\/#organization\"},\"potentialAction\":[{\"@type\":\"SearchAction\",\"target\":{\"@type\":\"EntryPoint\",\"urlTemplate\":\"http:\/\/www.lsn-it.com\/?s={search_term_string}\"},\"query-input\":{\"@type\":\"PropertyValueSpecification\",\"valueRequired\":true,\"valueName\":\"search_term_string\"}}],\"inLanguage\":\"de-DE\"},{\"@type\":\"Organization\",\"@id\":\"http:\/\/www.lsn-it.com\/#organization\",\"name\":\"LSN IT\",\"url\":\"http:\/\/www.lsn-it.com\/\",\"logo\":{\"@type\":\"ImageObject\",\"inLanguage\":\"de-DE\",\"@id\":\"http:\/\/www.lsn-it.com\/#\/schema\/logo\/image\/\",\"url\":\"http:\/\/www.lsn-it.com\/wp-content\/uploads\/logo-2.png\",\"contentUrl\":\"http:\/\/www.lsn-it.com\/wp-content\/uploads\/logo-2.png\",\"width\":768,\"height\":656,\"caption\":\"LSN IT\"},\"image\":{\"@id\":\"http:\/\/www.lsn-it.com\/#\/schema\/logo\/image\/\"}}]}<\/script>\n<!-- \/ Yoast SEO plugin. -->","yoast_head_json":{"title":"Lenovo","robots":{"index":"index","follow":"follow","max-snippet":"max-snippet:-1","max-image-preview":"max-image-preview:large","max-video-preview":"max-video-preview:-1"},"canonical":"http:\/\/www.lsn-it.com\/de\/product\/lenovo\/","og_locale":"de_DE","og_type":"article","og_title":"[:en]Lenovo[:de]Lenovo[:pl]Lenovo[:] - LSN IT","og_description":"R\u00fcsten Sie Ihr Unternehmen mit zuverl\u00e4ssigen, innovativen Lenovo-Ger\u00e4ten und Infrastruktur aus, unterst\u00fctzt durch fachkundige Betreuung.","og_url":"http:\/\/www.lsn-it.com\/de\/product\/lenovo\/","og_site_name":"LSN IT","article_modified_time":"2025-09-07T09:13:16+00:00","og_image":[{"width":2560,"height":1440,"url":"http:\/\/www.lsn-it.com\/wp-content\/uploads\/Lenovo.webp","type":"image\/webp"}],"twitter_card":"summary_large_image","twitter_misc":{"Gesch\u00e4tzte Lesezeit":"1\u00a0Minute"},"schema":{"@context":"https:\/\/schema.org","@graph":[{"@type":"WebPage","@id":"http:\/\/www.lsn-it.com\/pl\/product\/lenovo\/","url":"http:\/\/www.lsn-it.com\/pl\/product\/lenovo\/","name":"Lenovo","isPartOf":{"@id":"http:\/\/www.lsn-it.com\/#website"},"primaryImageOfPage":{"@id":"http:\/\/www.lsn-it.com\/pl\/product\/lenovo\/#primaryimage"},"image":{"@id":"http:\/\/www.lsn-it.com\/pl\/product\/lenovo\/#primaryimage"},"thumbnailUrl":"http:\/\/www.lsn-it.com\/wp-content\/uploads\/Lenovo.webp","datePublished":"2025-07-03T11:33:52+00:00","dateModified":"2025-09-07T09:13:16+00:00","breadcrumb":{"@id":"http:\/\/www.lsn-it.com\/pl\/product\/lenovo\/#breadcrumb"},"inLanguage":"de-DE","potentialAction":[{"@type":"ReadAction","target":["http:\/\/www.lsn-it.com\/pl\/product\/lenovo\/"]}]},{"@type":"ImageObject","inLanguage":"de-DE","@id":"http:\/\/www.lsn-it.com\/pl\/product\/lenovo\/#primaryimage","url":"http:\/\/www.lsn-it.com\/wp-content\/uploads\/Lenovo.webp","contentUrl":"http:\/\/www.lsn-it.com\/wp-content\/uploads\/Lenovo.webp","width":2560,"height":1440},{"@type":"BreadcrumbList","@id":"http:\/\/www.lsn-it.com\/pl\/product\/lenovo\/#breadcrumb","itemListElement":[{"@type":"ListItem","position":1,"name":"Home","item":"http:\/\/www.lsn-it.com\/"},{"@type":"ListItem","position":2,"name":"Lenovo"}]},{"@type":"WebSite","@id":"http:\/\/www.lsn-it.com\/#website","url":"http:\/\/www.lsn-it.com\/","name":"LSN IT","description":"Managed IT Services and Outsourcing in EMEA","publisher":{"@id":"http:\/\/www.lsn-it.com\/#organization"},"potentialAction":[{"@type":"SearchAction","target":{"@type":"EntryPoint","urlTemplate":"http:\/\/www.lsn-it.com\/?s={search_term_string}"},"query-input":{"@type":"PropertyValueSpecification","valueRequired":true,"valueName":"search_term_string"}}],"inLanguage":"de-DE"},{"@type":"Organization","@id":"http:\/\/www.lsn-it.com\/#organization","name":"LSN IT","url":"http:\/\/www.lsn-it.com\/","logo":{"@type":"ImageObject","inLanguage":"de-DE","@id":"http:\/\/www.lsn-it.com\/#\/schema\/logo\/image\/","url":"http:\/\/www.lsn-it.com\/wp-content\/uploads\/logo-2.png","contentUrl":"http:\/\/www.lsn-it.com\/wp-content\/uploads\/logo-2.png","width":768,"height":656,"caption":"LSN IT"},"image":{"@id":"http:\/\/www.lsn-it.com\/#\/schema\/logo\/image\/"}}]}},"_links":{"self":[{"href":"http:\/\/www.lsn-it.com\/de\/wp-json\/wp\/v2\/product\/368","targetHints":{"allow":["GET"]}}],"collection":[{"href":"http:\/\/www.lsn-it.com\/de\/wp-json\/wp\/v2\/product"}],"about":[{"href":"http:\/\/www.lsn-it.com\/de\/wp-json\/wp\/v2\/types\/product"}],"wp:featuredmedia":[{"embeddable":true,"href":"http:\/\/www.lsn-it.com\/de\/wp-json\/wp\/v2\/media\/498"}],"wp:attachment":[{"href":"http:\/\/www.lsn-it.com\/de\/wp-json\/wp\/v2\/media?parent=368"}],"curies":[{"name":"wp","href":"https:\/\/api.w.org\/{rel}","templated":true}]}}