{"id":336,"date":"2025-07-03T10:38:00","date_gmt":"2025-07-03T08:38:00","guid":{"rendered":"http:\/\/www.lsn-it.com\/?post_type=product&#038;p=336"},"modified":"2025-09-07T11:14:40","modified_gmt":"2025-09-07T09:14:40","slug":"dell","status":"publish","type":"product","link":"http:\/\/www.lsn-it.com\/de\/product\/dell\/","title":{"rendered":"Dell"},"excerpt":{"rendered":"<p>St\u00e4rken Sie Ihr Unternehmen mit zuverl\u00e4ssiger, leistungsstarker Dell-Hardware, geliefert und unterst\u00fctzt von LSN-IT.<\/p>\n","protected":false},"featured_media":499,"template":"","class_list":["post-336","product","type-product","status-publish","has-post-thumbnail","hentry"],"acf":[],"yoast_head":"<!-- This site is optimized with the Yoast SEO plugin v25.9 - https:\/\/yoast.com\/wordpress\/plugins\/seo\/ -->\n<title>Dell<\/title>\n<meta name=\"robots\" content=\"index, follow, max-snippet:-1, max-image-preview:large, max-video-preview:-1\" \/>\n<link rel=\"canonical\" href=\"http:\/\/www.lsn-it.com\/de\/product\/dell\/\" \/>\n<meta property=\"og:locale\" content=\"de_DE\" \/>\n<meta property=\"og:locale:alternate\" content=\"en_US\" \/>\n<meta property=\"og:locale:alternate\" content=\"pl_PL\" \/>\n<meta property=\"og:type\" content=\"article\" \/>\n<meta property=\"og:title\" content=\"Dell\" \/>\n<meta property=\"og:description\" content=\"St\u00e4rken Sie Ihr Unternehmen mit zuverl\u00e4ssiger, leistungsstarker Dell-Hardware, geliefert und unterst\u00fctzt von LSN-IT.\" \/>\n<meta property=\"og:url\" content=\"http:\/\/www.lsn-it.com\/de\/product\/dell\/\" \/>\n<meta property=\"og:site_name\" content=\"LSN IT\" \/>\n<meta property=\"article:modified_time\" content=\"2025-09-07T09:14:40+00:00\" \/>\n<meta property=\"og:image\" content=\"http:\/\/www.lsn-it.com\/wp-content\/uploads\/Dell.webp\" \/>\n\t<meta property=\"og:image:width\" content=\"2560\" \/>\n\t<meta property=\"og:image:height\" content=\"1440\" \/>\n\t<meta property=\"og:image:type\" content=\"image\/webp\" \/>\n<meta name=\"twitter:card\" content=\"summary_large_image\" \/>\n<meta name=\"twitter:label1\" content=\"Gesch\u00e4tzte Lesezeit\" \/>\n\t<meta name=\"twitter:data1\" content=\"1\u00a0Minute\" \/>\n<script type=\"application\/ld+json\" class=\"yoast-schema-graph\">{\"@context\":\"https:\/\/schema.org\",\"@graph\":[{\"@type\":\"WebPage\",\"@id\":\"http:\/\/www.lsn-it.com\/pl\/product\/dell\/\",\"url\":\"http:\/\/www.lsn-it.com\/pl\/product\/dell\/\",\"name\":\"Dell\",\"isPartOf\":{\"@id\":\"http:\/\/www.lsn-it.com\/#website\"},\"primaryImageOfPage\":{\"@id\":\"http:\/\/www.lsn-it.com\/pl\/product\/dell\/#primaryimage\"},\"image\":{\"@id\":\"http:\/\/www.lsn-it.com\/pl\/product\/dell\/#primaryimage\"},\"thumbnailUrl\":\"http:\/\/www.lsn-it.com\/wp-content\/uploads\/Dell.webp\",\"datePublished\":\"2025-07-03T08:38:00+00:00\",\"dateModified\":\"2025-09-07T09:14:40+00:00\",\"breadcrumb\":{\"@id\":\"http:\/\/www.lsn-it.com\/pl\/product\/dell\/#breadcrumb\"},\"inLanguage\":\"de-DE\",\"potentialAction\":[{\"@type\":\"ReadAction\",\"target\":[\"http:\/\/www.lsn-it.com\/pl\/product\/dell\/\"]}]},{\"@type\":\"ImageObject\",\"inLanguage\":\"de-DE\",\"@id\":\"http:\/\/www.lsn-it.com\/pl\/product\/dell\/#primaryimage\",\"url\":\"http:\/\/www.lsn-it.com\/wp-content\/uploads\/Dell.webp\",\"contentUrl\":\"http:\/\/www.lsn-it.com\/wp-content\/uploads\/Dell.webp\",\"width\":2560,\"height\":1440},{\"@type\":\"BreadcrumbList\",\"@id\":\"http:\/\/www.lsn-it.com\/pl\/product\/dell\/#breadcrumb\",\"itemListElement\":[{\"@type\":\"ListItem\",\"position\":1,\"name\":\"Home\",\"item\":\"http:\/\/www.lsn-it.com\/\"},{\"@type\":\"ListItem\",\"position\":2,\"name\":\"Dell\"}]},{\"@type\":\"WebSite\",\"@id\":\"http:\/\/www.lsn-it.com\/#website\",\"url\":\"http:\/\/www.lsn-it.com\/\",\"name\":\"LSN IT\",\"description\":\"Managed IT Services and Outsourcing in EMEA\",\"publisher\":{\"@id\":\"http:\/\/www.lsn-it.com\/#organization\"},\"potentialAction\":[{\"@type\":\"SearchAction\",\"target\":{\"@type\":\"EntryPoint\",\"urlTemplate\":\"http:\/\/www.lsn-it.com\/?s={search_term_string}\"},\"query-input\":{\"@type\":\"PropertyValueSpecification\",\"valueRequired\":true,\"valueName\":\"search_term_string\"}}],\"inLanguage\":\"de-DE\"},{\"@type\":\"Organization\",\"@id\":\"http:\/\/www.lsn-it.com\/#organization\",\"name\":\"LSN IT\",\"url\":\"http:\/\/www.lsn-it.com\/\",\"logo\":{\"@type\":\"ImageObject\",\"inLanguage\":\"de-DE\",\"@id\":\"http:\/\/www.lsn-it.com\/#\/schema\/logo\/image\/\",\"url\":\"http:\/\/www.lsn-it.com\/wp-content\/uploads\/logo-2.png\",\"contentUrl\":\"http:\/\/www.lsn-it.com\/wp-content\/uploads\/logo-2.png\",\"width\":768,\"height\":656,\"caption\":\"LSN IT\"},\"image\":{\"@id\":\"http:\/\/www.lsn-it.com\/#\/schema\/logo\/image\/\"}}]}<\/script>\n<!-- \/ Yoast SEO plugin. -->","yoast_head_json":{"title":"Dell","robots":{"index":"index","follow":"follow","max-snippet":"max-snippet:-1","max-image-preview":"max-image-preview:large","max-video-preview":"max-video-preview:-1"},"canonical":"http:\/\/www.lsn-it.com\/de\/product\/dell\/","og_locale":"de_DE","og_type":"article","og_title":"[:en]Dell[:de]Dell[:pl]Dell[:] - LSN IT","og_description":"St\u00e4rken Sie Ihr Unternehmen mit zuverl\u00e4ssiger, leistungsstarker Dell-Hardware, geliefert und unterst\u00fctzt von LSN-IT.","og_url":"http:\/\/www.lsn-it.com\/de\/product\/dell\/","og_site_name":"LSN IT","article_modified_time":"2025-09-07T09:14:40+00:00","og_image":[{"width":2560,"height":1440,"url":"http:\/\/www.lsn-it.com\/wp-content\/uploads\/Dell.webp","type":"image\/webp"}],"twitter_card":"summary_large_image","twitter_misc":{"Gesch\u00e4tzte Lesezeit":"1\u00a0Minute"},"schema":{"@context":"https:\/\/schema.org","@graph":[{"@type":"WebPage","@id":"http:\/\/www.lsn-it.com\/pl\/product\/dell\/","url":"http:\/\/www.lsn-it.com\/pl\/product\/dell\/","name":"Dell","isPartOf":{"@id":"http:\/\/www.lsn-it.com\/#website"},"primaryImageOfPage":{"@id":"http:\/\/www.lsn-it.com\/pl\/product\/dell\/#primaryimage"},"image":{"@id":"http:\/\/www.lsn-it.com\/pl\/product\/dell\/#primaryimage"},"thumbnailUrl":"http:\/\/www.lsn-it.com\/wp-content\/uploads\/Dell.webp","datePublished":"2025-07-03T08:38:00+00:00","dateModified":"2025-09-07T09:14:40+00:00","breadcrumb":{"@id":"http:\/\/www.lsn-it.com\/pl\/product\/dell\/#breadcrumb"},"inLanguage":"de-DE","potentialAction":[{"@type":"ReadAction","target":["http:\/\/www.lsn-it.com\/pl\/product\/dell\/"]}]},{"@type":"ImageObject","inLanguage":"de-DE","@id":"http:\/\/www.lsn-it.com\/pl\/product\/dell\/#primaryimage","url":"http:\/\/www.lsn-it.com\/wp-content\/uploads\/Dell.webp","contentUrl":"http:\/\/www.lsn-it.com\/wp-content\/uploads\/Dell.webp","width":2560,"height":1440},{"@type":"BreadcrumbList","@id":"http:\/\/www.lsn-it.com\/pl\/product\/dell\/#breadcrumb","itemListElement":[{"@type":"ListItem","position":1,"name":"Home","item":"http:\/\/www.lsn-it.com\/"},{"@type":"ListItem","position":2,"name":"Dell"}]},{"@type":"WebSite","@id":"http:\/\/www.lsn-it.com\/#website","url":"http:\/\/www.lsn-it.com\/","name":"LSN IT","description":"Managed IT Services and Outsourcing in EMEA","publisher":{"@id":"http:\/\/www.lsn-it.com\/#organization"},"potentialAction":[{"@type":"SearchAction","target":{"@type":"EntryPoint","urlTemplate":"http:\/\/www.lsn-it.com\/?s={search_term_string}"},"query-input":{"@type":"PropertyValueSpecification","valueRequired":true,"valueName":"search_term_string"}}],"inLanguage":"de-DE"},{"@type":"Organization","@id":"http:\/\/www.lsn-it.com\/#organization","name":"LSN IT","url":"http:\/\/www.lsn-it.com\/","logo":{"@type":"ImageObject","inLanguage":"de-DE","@id":"http:\/\/www.lsn-it.com\/#\/schema\/logo\/image\/","url":"http:\/\/www.lsn-it.com\/wp-content\/uploads\/logo-2.png","contentUrl":"http:\/\/www.lsn-it.com\/wp-content\/uploads\/logo-2.png","width":768,"height":656,"caption":"LSN IT"},"image":{"@id":"http:\/\/www.lsn-it.com\/#\/schema\/logo\/image\/"}}]}},"_links":{"self":[{"href":"http:\/\/www.lsn-it.com\/de\/wp-json\/wp\/v2\/product\/336","targetHints":{"allow":["GET"]}}],"collection":[{"href":"http:\/\/www.lsn-it.com\/de\/wp-json\/wp\/v2\/product"}],"about":[{"href":"http:\/\/www.lsn-it.com\/de\/wp-json\/wp\/v2\/types\/product"}],"wp:featuredmedia":[{"embeddable":true,"href":"http:\/\/www.lsn-it.com\/de\/wp-json\/wp\/v2\/media\/499"}],"wp:attachment":[{"href":"http:\/\/www.lsn-it.com\/de\/wp-json\/wp\/v2\/media?parent=336"}],"curies":[{"name":"wp","href":"https:\/\/api.w.org\/{rel}","templated":true}]}}